{"id":9,"date":"2022-12-08T17:35:23","date_gmt":"2022-12-08T17:35:23","guid":{"rendered":"https:\/\/astronomiadigital.es\/?page_id=9"},"modified":"2023-04-26T19:12:23","modified_gmt":"2023-04-26T19:12:23","slug":"galeria-de-imagenes","status":"publish","type":"page","link":"https:\/\/astronomiadigital.es\/index.php\/galeria-de-imagenes\/","title":{"rendered":"Galer\u00eda de im\u00e1genes"},"content":{"rendered":"\n<p>Estamos constantemente (a\u00f1adiendo im\u00e1genes).<\/p>\n\n\n\n<p>Aqu\u00ed podr\u00e1s ver im\u00e1genes astron\u00f3micas realizadas con nuestros equipos \u00f3pticos y nuestras c\u00e1maras digitales.<\/p>\n\n\n<input type='button' value='Galer\u00eda de im\u00e1genes de la Luna' class='photonic-show-gallery-button' data-photonic-shortcode='type=flickr&#038;style=default&#038;display=local&#038;view=photosets&#038;photoset_id=72177720307784377&#038;user_id=197113142%40N04&#038;privacy_filter=1&#038;more=M%C3%A1s&#038;title_position=regular&#038;caption=desc&#038;layout=random&#038;fx=fade&#038;pause=1&#038;strip-style=thumbs&#038;controls=show&#038;load_mode=php'\/>\n\n<div class='photonic-flickr-stream photonic-stream ' id='photonic-flickr-stream-1'>\n<header class='photonic-object-header photonic-flickr-set '><a href='https:\/\/www.flickr.com\/photos\/197113142@N04\/sets\/72177720307753460' class='photonic-header-thumb photonic-flickr-set-solo-thumb' title='Sol'><img decoding=\"async\" src=\"https:\/\/live.staticflickr.com\/65535\/52843758788_fa3beeac55_m.jpg\" alt=\"Sol\" \/><\/a><div class='photonic-header-details photonic-set-details'><div class='photonic-header-title photonic-set-title'><a href='https:\/\/www.flickr.com\/photos\/197113142@N04\/sets\/72177720307753460'>Sol<\/a><\/div><span class='photonic-header-info photonic-set-photos'>12 fotos <\/span><\/div><!-- .photonic-set-details --><\/header>\n\t<div id='photonic-flickr-stream-1-container' class='title-display-tooltip photonic-level-1-container sizes-present photonic-random-layout photonic-thumbnail-effect-none' data-photonic-platform=\"flickr\" data-photonic-gallery-columns=\"auto\" data-photonic-query=\"columns=auto&amp;layout=random&amp;display=local&amp;popup=hide&amp;filter=&amp;filter_type=include&amp;more=&amp;panel=&amp;custom_classes=&amp;alignment=&amp;photo_layout=square&amp;caption=title&amp;thumb_size=s&amp;main_size=z&amp;tile_size=same&amp;video_size=Video Original&amp;privacy_filter=&amp;count=500&amp;page=1&amp;paginate=&amp;collections_display=expanded&amp;user_id=197113142@N04&amp;collection_id=&amp;photoset_id=72177720307753460&amp;gallery_id=&amp;photo_id=&amp;media=all&amp;type=flickr&amp;style=default&amp;view=photosets&amp;iterate_level_3=1&amp;per_page=500&amp;photo_count=500&amp;overlay_size=s&amp;overlay_video_size=Video Original\" style='--tile-min-height: 200px'>\n\t\t<figure class='photonic-level-1 photonic-thumb' style='--dw: 603;--dh: 640'>\n\t\t\t<a href='https:\/\/live.staticflickr.com\/65535\/52842751987_9d9738e07f_z.jpg' title='2022-08-26-1009-Sun_Color-301reg' rel='lightbox-photonic-flickr-stream-1' class='photonic-lb photonic-baguettebox baguettebox' data-photonic-media-type=\"image\" data-content-type=\"image\" data-photonic-deep=\"gallery[photonic-flickr-set-1]\/52842751987\/\" data-title=\"&lt;a href=&#039;https:\/\/www.flickr.com\/photos\/197113142@N04\/52842751987\/in\/set-72177720307753460&#039; &gt;2022-08-26-1009-Sun_Color-301reg&lt;\/a&gt;\" data-photonic-tooltip=\"2022-08-26-1009-Sun_Color-301reg\">\n\t\t\t\t<img alt='2022-08-26-1009-Sun_Color-301reg' class='random' data-src='https:\/\/live.staticflickr.com\/65535\/52842751987_9d9738e07f_z.jpg' loading='lazy' width='603' height='640' \/>\n\t\t\t<\/a>\n\t\t<\/figure>\n\t\t<figure class='photonic-level-1 photonic-thumb' style='--dw: 640;--dh: 487'>\n\t\t\t<a href='https:\/\/live.staticflickr.com\/65535\/52843326901_d0fa5b46f9_z.jpg' title='2022-08-27-0935-Full-Sun-Color' rel='lightbox-photonic-flickr-stream-1' class='photonic-lb photonic-baguettebox baguettebox' data-photonic-media-type=\"image\" data-content-type=\"image\" data-photonic-deep=\"gallery[photonic-flickr-set-1]\/52843326901\/\" data-title=\"&lt;a href=&#039;https:\/\/www.flickr.com\/photos\/197113142@N04\/52843326901\/in\/set-72177720307753460&#039; &gt;2022-08-27-0935-Full-Sun-Color&lt;\/a&gt;\" data-photonic-tooltip=\"2022-08-27-0935-Full-Sun-Color\">\n\t\t\t\t<img alt='2022-08-27-0935-Full-Sun-Color' class='random' data-src='https:\/\/live.staticflickr.com\/65535\/52843326901_d0fa5b46f9_z.jpg' loading='lazy' width='640' height='487' \/>\n\t\t\t<\/a>\n\t\t<\/figure>\n\t\t<figure class='photonic-level-1 photonic-thumb' style='--dw: 640;--dh: 427'>\n\t\t\t<a href='https:\/\/live.staticflickr.com\/65535\/52842740667_86c0073174_z.jpg' title='2022-12-25-1231_6-Sun_____100r_48T_69reg-Color-Ok' rel='lightbox-photonic-flickr-stream-1' class='photonic-lb photonic-baguettebox baguettebox' data-photonic-media-type=\"image\" data-content-type=\"image\" data-photonic-deep=\"gallery[photonic-flickr-set-1]\/52842740667\/\" data-title=\"&lt;a href=&#039;https:\/\/www.flickr.com\/photos\/197113142@N04\/52842740667\/in\/set-72177720307753460&#039; &gt;2022-12-25-1231_6-Sun_____100r_48T_69reg-Color-Ok&lt;\/a&gt;\" data-photonic-tooltip=\"2022-12-25-1231_6-Sun_____100r_48T_69reg-Color-Ok\">\n\t\t\t\t<img alt='2022-12-25-1231_6-Sun_____100r_48T_69reg-Color-Ok' class='random' data-src='https:\/\/live.staticflickr.com\/65535\/52842740667_86c0073174_z.jpg' loading='lazy' width='640' height='427' \/>\n\t\t\t<\/a>\n\t\t<\/figure>\n\t\t<figure class='photonic-level-1 photonic-thumb' style='--dw: 640;--dh: 444'>\n\t\t\t<a href='https:\/\/live.staticflickr.com\/65535\/52843315386_3b2b347f93_z.jpg' title='2023-01-09-1229_7-Sun-All-100r_48T_99reg-Ok' rel='lightbox-photonic-flickr-stream-1' class='photonic-lb photonic-baguettebox baguettebox' data-photonic-media-type=\"image\" data-content-type=\"image\" data-photonic-deep=\"gallery[photonic-flickr-set-1]\/52843315386\/\" data-title=\"&lt;a href=&#039;https:\/\/www.flickr.com\/photos\/197113142@N04\/52843315386\/in\/set-72177720307753460&#039; &gt;2023-01-09-1229_7-Sun-All-100r_48T_99reg-Ok&lt;\/a&gt;\" data-photonic-tooltip=\"2023-01-09-1229_7-Sun-All-100r_48T_99reg-Ok\">\n\t\t\t\t<img alt='2023-01-09-1229_7-Sun-All-100r_48T_99reg-Ok' class='random' data-src='https:\/\/live.staticflickr.com\/65535\/52843315386_3b2b347f93_z.jpg' loading='lazy' width='640' height='444' \/>\n\t\t\t<\/a>\n\t\t<\/figure>\n\t\t<figure class='photonic-level-1 photonic-thumb' style='--dw: 640;--dh: 425'>\n\t\t\t<a href='https:\/\/live.staticflickr.com\/65535\/52843758788_fa3beeac55_z.jpg' title='2023-01-14-1234_7-Sun_Color_100r_48T_150reg-Okk' rel='lightbox-photonic-flickr-stream-1' class='photonic-lb photonic-baguettebox baguettebox' data-photonic-media-type=\"image\" data-content-type=\"image\" data-photonic-deep=\"gallery[photonic-flickr-set-1]\/52843758788\/\" data-title=\"&lt;a href=&#039;https:\/\/www.flickr.com\/photos\/197113142@N04\/52843758788\/in\/set-72177720307753460&#039; &gt;2023-01-14-1234_7-Sun_Color_100r_48T_150reg-Okk&lt;\/a&gt;\" data-photonic-tooltip=\"2023-01-14-1234_7-Sun_Color_100r_48T_150reg-Okk\">\n\t\t\t\t<img alt='2023-01-14-1234_7-Sun_Color_100r_48T_150reg-Okk' class='random' data-src='https:\/\/live.staticflickr.com\/65535\/52843758788_fa3beeac55_z.jpg' loading='lazy' width='640' height='425' \/>\n\t\t\t<\/a>\n\t\t<\/figure>\n\t\t<figure class='photonic-level-1 photonic-thumb' style='--dw: 611;--dh: 640'>\n\t\t\t<a href='https:\/\/live.staticflickr.com\/65535\/52843715440_8b978c0836_z.jpg' title='2023-02-12-1246_8-L-Sun_Color_100r_48T_44reg-Ok_2' rel='lightbox-photonic-flickr-stream-1' class='photonic-lb photonic-baguettebox baguettebox' data-photonic-media-type=\"image\" data-content-type=\"image\" data-photonic-deep=\"gallery[photonic-flickr-set-1]\/52843715440\/\" data-title=\"&lt;a href=&#039;https:\/\/www.flickr.com\/photos\/197113142@N04\/52843715440\/in\/set-72177720307753460&#039; &gt;2023-02-12-1246_8-L-Sun_Color_100r_48T_44reg-Ok_2&lt;\/a&gt;\" data-photonic-tooltip=\"2023-02-12-1246_8-L-Sun_Color_100r_48T_44reg-Ok_2\">\n\t\t\t\t<img alt='2023-02-12-1246_8-L-Sun_Color_100r_48T_44reg-Ok_2' class='random' data-src='https:\/\/live.staticflickr.com\/65535\/52843715440_8b978c0836_z.jpg' loading='lazy' width='611' height='640' \/>\n\t\t\t<\/a>\n\t\t<\/figure>\n\t\t<figure class='photonic-level-1 photonic-thumb' style='--dw: 640;--dh: 392'>\n\t\t\t<a href='https:\/\/live.staticflickr.com\/65535\/52843752283_cc5c335d03_z.jpg' title='2023-04-06-1053_0-Sun_Color_100r_48T_49reg-Ok' rel='lightbox-photonic-flickr-stream-1' class='photonic-lb photonic-baguettebox baguettebox' data-photonic-media-type=\"image\" data-content-type=\"image\" data-photonic-deep=\"gallery[photonic-flickr-set-1]\/52843752283\/\" data-title=\"&lt;a href=&#039;https:\/\/www.flickr.com\/photos\/197113142@N04\/52843752283\/in\/set-72177720307753460&#039; &gt;2023-04-06-1053_0-Sun_Color_100r_48T_49reg-Ok&lt;\/a&gt;\" data-photonic-tooltip=\"2023-04-06-1053_0-Sun_Color_100r_48T_49reg-Ok\">\n\t\t\t\t<img alt='2023-04-06-1053_0-Sun_Color_100r_48T_49reg-Ok' class='random' data-src='https:\/\/live.staticflickr.com\/65535\/52843752283_cc5c335d03_z.jpg' loading='lazy' width='640' height='392' \/>\n\t\t\t<\/a>\n\t\t<\/figure>\n\t\t<figure class='photonic-level-1 photonic-thumb' style='--dw: 640;--dh: 397'>\n\t\t\t<a href='https:\/\/live.staticflickr.com\/65535\/52842727762_0a56d4fb8f_z.jpg' title='2023-04-16-1046_6-Sun_Color_100r_48T_52reg-Ok' rel='lightbox-photonic-flickr-stream-1' class='photonic-lb photonic-baguettebox baguettebox' data-photonic-media-type=\"image\" data-content-type=\"image\" data-photonic-deep=\"gallery[photonic-flickr-set-1]\/52842727762\/\" data-title=\"&lt;a href=&#039;https:\/\/www.flickr.com\/photos\/197113142@N04\/52842727762\/in\/set-72177720307753460&#039; &gt;2023-04-16-1046_6-Sun_Color_100r_48T_52reg-Ok&lt;\/a&gt;\" data-photonic-tooltip=\"2023-04-16-1046_6-Sun_Color_100r_48T_52reg-Ok\">\n\t\t\t\t<img alt='2023-04-16-1046_6-Sun_Color_100r_48T_52reg-Ok' class='random' data-src='https:\/\/live.staticflickr.com\/65535\/52842727762_0a56d4fb8f_z.jpg' loading='lazy' width='640' height='397' \/>\n\t\t\t<\/a>\n\t\t<\/figure>\n\t\t<figure class='photonic-level-1 photonic-thumb' style='--dw: 640;--dh: 334'>\n\t\t\t<a href='https:\/\/live.staticflickr.com\/65535\/52843498289_5ea82d1feb_z.jpg' title='Sol_&amp;_Earth_22March2023-1212UT' rel='lightbox-photonic-flickr-stream-1' class='photonic-lb photonic-baguettebox baguettebox' data-photonic-media-type=\"image\" data-content-type=\"image\" data-photonic-deep=\"gallery[photonic-flickr-set-1]\/52843498289\/\" data-title=\"&lt;a href=&#039;https:\/\/www.flickr.com\/photos\/197113142@N04\/52843498289\/in\/set-72177720307753460&#039; &gt;Sol_&amp;_Earth_22March2023-1212UT&lt;\/a&gt;\" data-photonic-tooltip=\"Sol_&amp;_Earth_22March2023-1212UT\">\n\t\t\t\t<img alt='Sol_&amp;_Earth_22March2023-1212UT' class='random' data-src='https:\/\/live.staticflickr.com\/65535\/52843498289_5ea82d1feb_z.jpg' loading='lazy' width='640' height='334' \/>\n\t\t\t<\/a>\n\t\t<\/figure>\n\t\t<figure class='photonic-level-1 photonic-thumb' style='--dw: 640;--dh: 432'>\n\t\t\t<a href='https:\/\/live.staticflickr.com\/65535\/52843717025_543c712f88_z.jpg' title='2023-01-14-1226_1-Sun_Color_100r_48T_125reg-Ok' rel='lightbox-photonic-flickr-stream-1' class='photonic-lb photonic-baguettebox baguettebox' data-photonic-media-type=\"image\" data-content-type=\"image\" data-photonic-deep=\"gallery[photonic-flickr-set-1]\/52843717025\/\" data-title=\"&lt;a href=&#039;https:\/\/www.flickr.com\/photos\/197113142@N04\/52843717025\/in\/set-72177720307753460&#039; &gt;2023-01-14-1226_1-Sun_Color_100r_48T_125reg-Ok&lt;\/a&gt;\" data-photonic-tooltip=\"2023-01-14-1226_1-Sun_Color_100r_48T_125reg-Ok\">\n\t\t\t\t<img alt='2023-01-14-1226_1-Sun_Color_100r_48T_125reg-Ok' class='random' data-src='https:\/\/live.staticflickr.com\/65535\/52843717025_543c712f88_z.jpg' loading='lazy' width='640' height='432' \/>\n\t\t\t<\/a>\n\t\t<\/figure>\n\t\t<figure class='photonic-level-1 photonic-thumb' style='--dw: 640;--dh: 371'>\n\t\t\t<a href='https:\/\/live.staticflickr.com\/65535\/52843514439_8941bb0510_z.jpg' title='2022-10-12-1458_1-Sun_100r_48T_50reg-Ok1-Color_ls3d' rel='lightbox-photonic-flickr-stream-1' class='photonic-lb photonic-baguettebox baguettebox' data-photonic-media-type=\"image\" data-content-type=\"image\" data-photonic-deep=\"gallery[photonic-flickr-set-1]\/52843514439\/\" data-title=\"&lt;a href=&#039;https:\/\/www.flickr.com\/photos\/197113142@N04\/52843514439\/in\/set-72177720307753460&#039; &gt;2022-10-12-1458_1-Sun_100r_48T_50reg-Ok1-Color_ls3d&lt;\/a&gt;\" data-photonic-tooltip=\"2022-10-12-1458_1-Sun_100r_48T_50reg-Ok1-Color_ls3d\">\n\t\t\t\t<img alt='2022-10-12-1458_1-Sun_100r_48T_50reg-Ok1-Color_ls3d' class='random' data-src='https:\/\/live.staticflickr.com\/65535\/52843514439_8941bb0510_z.jpg' loading='lazy' width='640' height='371' \/>\n\t\t\t<\/a>\n\t\t<\/figure>\n\t\t<figure class='photonic-level-1 photonic-thumb' style='--dw: 618;--dh: 640'>\n\t\t\t<a href='https:\/\/live.staticflickr.com\/65535\/52843520254_a2385fa93f_z.jpg' title='2022-07-09-1724_Sun_50reg-Color_ls3d' rel='lightbox-photonic-flickr-stream-1' class='photonic-lb photonic-baguettebox baguettebox' data-photonic-media-type=\"image\" data-content-type=\"image\" data-photonic-deep=\"gallery[photonic-flickr-set-1]\/52843520254\/\" data-title=\"&lt;a href=&#039;https:\/\/www.flickr.com\/photos\/197113142@N04\/52843520254\/in\/set-72177720307753460&#039; &gt;2022-07-09-1724_Sun_50reg-Color_ls3d&lt;\/a&gt;\" data-photonic-tooltip=\"2022-07-09-1724_Sun_50reg-Color_ls3d\">\n\t\t\t\t<img alt='2022-07-09-1724_Sun_50reg-Color_ls3d' class='random' data-src='https:\/\/live.staticflickr.com\/65535\/52843520254_a2385fa93f_z.jpg' loading='lazy' width='618' height='640' \/>\n\t\t\t<\/a>\n\t\t<\/figure>\n\n\t<\/div> <!-- .\/photonic-level-1-container -->\n\t<span id='photonic-flickr-stream-1-container-end'><\/span>\n<\/div><!-- .photonic-stream or .photonic-panel -->\n","protected":false},"excerpt":{"rendered":"<p>Estamos constantemente (a\u00f1adiendo im\u00e1genes). Aqu\u00ed podr\u00e1s ver im\u00e1genes astron\u00f3micas realizadas con nuestros equipos \u00f3pticos y nuestras c\u00e1maras digitales.<\/p>\n","protected":false},"author":1,"featured_media":0,"parent":0,"menu_order":0,"comment_status":"closed","ping_status":"closed","template":"","meta":{"footnotes":""},"class_list":["post-9","page","type-page","status-publish","hentry"],"_links":{"self":[{"href":"https:\/\/astronomiadigital.es\/index.php\/wp-json\/wp\/v2\/pages\/9","targetHints":{"allow":["GET"]}}],"collection":[{"href":"https:\/\/astronomiadigital.es\/index.php\/wp-json\/wp\/v2\/pages"}],"about":[{"href":"https:\/\/astronomiadigital.es\/index.php\/wp-json\/wp\/v2\/types\/page"}],"author":[{"embeddable":true,"href":"https:\/\/astronomiadigital.es\/index.php\/wp-json\/wp\/v2\/users\/1"}],"replies":[{"embeddable":true,"href":"https:\/\/astronomiadigital.es\/index.php\/wp-json\/wp\/v2\/comments?post=9"}],"version-history":[{"count":21,"href":"https:\/\/astronomiadigital.es\/index.php\/wp-json\/wp\/v2\/pages\/9\/revisions"}],"predecessor-version":[{"id":534,"href":"https:\/\/astronomiadigital.es\/index.php\/wp-json\/wp\/v2\/pages\/9\/revisions\/534"}],"wp:attachment":[{"href":"https:\/\/astronomiadigital.es\/index.php\/wp-json\/wp\/v2\/media?parent=9"}],"curies":[{"name":"wp","href":"https:\/\/api.w.org\/{rel}","templated":true}]}}