{"id":664,"date":"2023-12-23T14:27:56","date_gmt":"2023-12-23T14:27:56","guid":{"rendered":"https:\/\/astronomiadigital.es\/?page_id=664"},"modified":"2025-05-29T17:15:50","modified_gmt":"2025-05-29T17:15:50","slug":"descargas","status":"publish","type":"page","link":"https:\/\/astronomiadigital.es\/index.php\/descargas\/","title":{"rendered":"DESCARGAS"},"content":{"rendered":"\n<p>Libro \u00ab<a href=\"https:\/\/www.ign.es\/web\/resources\/acercaDe\/libDigPub\/Panorama_del_universo.pdf\" target=\"_blank\" rel=\"noreferrer noopener\">Panorama del Universo (Viaje por el mundo de la Astronom\u00eda)<\/a>\u00bb del Instituto Geogr\u00e1fico Nacional (IGN).<\/p>\n\n\n\n<p>Libro \u00ab<a href=\"https:\/\/www.ign.es\/resources\/acercaDe\/libDigPub\/CuestionesAstronomia_baja.pdf\" target=\"_blank\" rel=\"noreferrer noopener\">Cuestiones de Astronom\u00eda<\/a>\u00bb del Real Observatorio de Madrid.<\/p>\n\n\n\n<p><a href=\"https:\/\/astronomiadigital.es\/wp-content\/uploads\/2024\/02\/KstarEkos_2024.pdf\" target=\"_blank\" rel=\"noreferrer noopener\">Manual de Kstars y Ekos<\/a> en idioma espa\u00f1ol (versi\u00f3n 2024).<\/p>\n\n\n\n<p><a href=\"https:\/\/astronomiadigital.es\/wp-content\/uploads\/2023\/12\/TUTORIAL-ASTROMETRICA.pdf\" target=\"_blank\" rel=\"noreferrer noopener\">Tutorial de ASTROMETRICA<\/a> en idioma espa\u00f1ol. Versi\u00f3n 1.0 (18 de diciembre de 2023).<\/p>\n\n\n\n<p><a href=\"https:\/\/astronomiadigital.es\/wp-content\/uploads\/2023\/12\/Observar_el_cielo.pdf\" target=\"_blank\" rel=\"noreferrer noopener\">Observar el Cielo<\/a>. Libro ilustrado en formato PDF.<\/p>\n\n\n\n<p><a href=\"https:\/\/www.google.com\/url?sa=t&amp;rct=j&amp;q=&amp;esrc=s&amp;source=web&amp;cd=&amp;cad=rja&amp;uact=8&amp;ved=2ahUKEwj094Pm-aeDAxVsRKQEHdUTA6EQFnoECBAQAQ&amp;url=https%3A%2F%2Fwww.ign.es%2Fweb%2Fresources%2FacercaDe%2FlibDigPub%2FAnuario2024.pdf&amp;usg=AOvVaw3UGYt0UqVZlRjqiEeAPTwe&amp;opi=89978449\" target=\"_blank\" rel=\"noreferrer noopener\">Anuario del Real Observatorio de Madrid<\/a>. Una gu\u00eda exacta de acontecimientos astron\u00f3micos en el a\u00f1o 2024.<\/p>\n\n\n\n<p><a href=\"https:\/\/www.latinquasar.org\/revista-universolq\/\" target=\"_blank\" rel=\"noreferrer noopener\">Universo LQ<\/a>. Revista mensual libre y gratuita.<\/p>\n\n\n\n<p><a href=\"https:\/\/astronomiadigital.es\/wp-content\/uploads\/2023\/12\/Manual-Tycho-espanol.pdf\" target=\"_blank\" rel=\"noreferrer noopener\">Manual Tycho Tracker<\/a> en idioma espa\u00f1ol.<\/p>\n\n\n\n<p>Gu\u00eda de construcci\u00f3n de un <a href=\"https:\/\/astronomiadigital.es\/wp-content\/uploads\/2023\/12\/Enfocador_con_ARDUINO.pdf\" target=\"_blank\" rel=\"noreferrer noopener\">Enfocador electr\u00f3nico con Arduino<\/a> para telescopios, compatible con INDI y ASCOM.<\/p>\n\n\n\n<p><a rel=\"noreferrer noopener\" href=\"https:\/\/www.deepskywatch.com\/deep-sky-hunter-atlas.html\" target=\"_blank\">Atlas del cielo<\/a> imprimible formato A3 fondo oscuro o blanco (Michael Vlasov).<\/p>\n\n\n\n<p><a href=\"https:\/\/www.uv.es\/jrtorres\/index.html\" target=\"_blank\" rel=\"noreferrer noopener\">Web de Jose Ram\u00f3n Torres<\/a> con Atlas similar al de Michel Vlasov con indicaciones de colores.<\/p>\n\n\n\n<p><a href=\"https:\/\/astronomiadigital.es\/wp-content\/uploads\/2023\/12\/Manual_Sharcap-SP.pdf\" target=\"_blank\" rel=\"noreferrer noopener\">Manual de Sharcap<\/a> en idioma espa\u00f1ol. Versi\u00f3n 4.1.<\/p>\n\n\n\n<p><a href=\"https:\/\/astronomiadigital.es\/wp-content\/uploads\/2024\/01\/Guia_colimacion_Astro_Baby.pdf\" target=\"_blank\" rel=\"noreferrer noopener\">Gu\u00eda de colimaci\u00f3n para reflector Newton<\/a>, una gu\u00eda completa en idioma espa\u00f1ol para colimar ambos espejos y todo el tubo con varios instrumentos de calibraci\u00f3n, sacado de la web <a href=\"https:\/\/astro-baby.com\/\">Astro-baby<\/a>.<\/p>\n\n\n\n<p><a rel=\"noreferrer noopener\" href=\"https:\/\/astronomiadigital.es\/wp-content\/uploads\/2024\/01\/Construccion_filtro_casero_de_espectoscopias.pdf\" target=\"_blank\">Tutorial construcci\u00f3n de filtro espectroscop\u00eda<\/a> realizado por <a href=\"http:\/\/pastorgalactico.blogspot.com\/\">Joaqu\u00edn Tapioles<\/a>, una manera econ\u00f3mica de comenzar la ciencia del an\u00e1lisis de la luz.<\/p>\n\n\n\n<p><a rel=\"noreferrer noopener\" href=\"https:\/\/astronomiadigital.es\/wp-content\/uploads\/2024\/01\/Guia_de_Astrometria_de_Cuerpos_Menores.pdf\" target=\"_blank\">Gu\u00eda de Astrometr\u00eda del MPC<\/a> en idioma espa\u00f1ol. Conceptos generales y directrices para enviar datos al Minor Planet Center.<\/p>\n\n\n\n<p><a href=\"https:\/\/astronomiadigital.es\/wp-content\/uploads\/2024\/01\/Guia_para_la_fotometria_de_planetas_menores.pdf\" target=\"_blank\" rel=\"noreferrer noopener\">Gu\u00eda de Fotometr\u00eda del MPC<\/a> en idioma espa\u00f1ol. Conceptos generales y directrices para enviar datos al Minor Planet Center.<\/p>\n\n\n\n<p><a href=\"https:\/\/astronomiadigital.es\/wp-content\/uploads\/2024\/01\/astronomia-elemental-V1.pdf\">Astronom\u00eda elemental <\/a><a href=\"https:\/\/astronomiadigital.es\/wp-content\/uploads\/2024\/01\/astronomia-elemental-V1.pdf\" target=\"_blank\" rel=\"noreferrer noopener\">I<\/a>. Un libro en formato PDF de Astronom\u00eda B\u00e1sica (fundamentos), escrito por Isa\u00edas Rojas Pe\u00f1a.<\/p>\n\n\n\n<p><a href=\"https:\/\/astronomiadigital.es\/wp-content\/uploads\/2024\/01\/astronomia-elemental-V2.pdf\" target=\"_blank\" rel=\"noreferrer noopener\">Astronom\u00eda elemental II<\/a>. Segundo volumen PDF que trata la Astrof\u00edsica y la Astrobiolog\u00eda, escrito por Isa\u00edas Rojas Pe\u00f1a.<\/p>\n\n\n\n<p><a href=\"https:\/\/astronomiadigital.es\/wp-content\/uploads\/2024\/01\/SER_Player_Windows_x64_v1.7.2.zip\" target=\"_blank\" rel=\"noreferrer noopener\">SER Player<\/a>. Reproductor de videos en formato SER.<\/p>\n\n\n\n<p><a href=\"https:\/\/astronomiadigital.es\/wp-content\/uploads\/2024\/01\/pipp_install_x64_2.5.9.zip\" target=\"_blank\" rel=\"noreferrer noopener\">PIPP<\/a>. Programa de procesado, conversi\u00f3n de formatos y creaci\u00f3n de videos o GIF animados.<\/p>\n\n\n\n<p><a href=\"https:\/\/astronomiadigital.es\/wp-content\/uploads\/2025\/05\/Manual_SIRIL_14.pdf\" target=\"_blank\" rel=\"noreferrer noopener\">Manual de SIRIL 1.4.0<\/a> en idioma castellano.<\/p>\n\n\n\n<p><\/p>\n","protected":false},"excerpt":{"rendered":"<p>Libro \u00abPanorama del Universo (Viaje por el mundo de la Astronom\u00eda)\u00bb del Instituto Geogr\u00e1fico Nacional (IGN). Libro \u00abCuestiones de Astronom\u00eda\u00bb del Real Observatorio de Madrid. Manual de Kstars y Ekos en idioma espa\u00f1ol (versi\u00f3n&#46;&#46;&#46;<\/p>\n","protected":false},"author":1,"featured_media":0,"parent":0,"menu_order":0,"comment_status":"closed","ping_status":"closed","template":"","meta":{"footnotes":""},"class_list":["post-664","page","type-page","status-publish","hentry"],"_links":{"self":[{"href":"https:\/\/astronomiadigital.es\/index.php\/wp-json\/wp\/v2\/pages\/664","targetHints":{"allow":["GET"]}}],"collection":[{"href":"https:\/\/astronomiadigital.es\/index.php\/wp-json\/wp\/v2\/pages"}],"about":[{"href":"https:\/\/astronomiadigital.es\/index.php\/wp-json\/wp\/v2\/types\/page"}],"author":[{"embeddable":true,"href":"https:\/\/astronomiadigital.es\/index.php\/wp-json\/wp\/v2\/users\/1"}],"replies":[{"embeddable":true,"href":"https:\/\/astronomiadigital.es\/index.php\/wp-json\/wp\/v2\/comments?post=664"}],"version-history":[{"count":35,"href":"https:\/\/astronomiadigital.es\/index.php\/wp-json\/wp\/v2\/pages\/664\/revisions"}],"predecessor-version":[{"id":1303,"href":"https:\/\/astronomiadigital.es\/index.php\/wp-json\/wp\/v2\/pages\/664\/revisions\/1303"}],"wp:attachment":[{"href":"https:\/\/astronomiadigital.es\/index.php\/wp-json\/wp\/v2\/media?parent=664"}],"curies":[{"name":"wp","href":"https:\/\/api.w.org\/{rel}","templated":true}]}}