{"id":2,"date":"2022-12-08T12:43:19","date_gmt":"2022-12-08T12:43:19","guid":{"rendered":"https:\/\/astronomiadigital.es\/?page_id=2"},"modified":"2026-02-15T22:51:29","modified_gmt":"2026-02-15T22:51:29","slug":"acercade","status":"publish","type":"page","link":"https:\/\/astronomiadigital.es\/index.php\/acercade\/","title":{"rendered":"Acerca de&#8230;"},"content":{"rendered":"\n<p>Bienvenido a \u00abAstronom\u00eda Digital\u00bb un espacio web de creaci\u00f3n propia en la que fusionamos nuestro inter\u00e9s por aprender, practicar y experimentar ciencia con ayuda de las tecnolog\u00edas a nuestro alcance.<\/p>\n\n\n\n<p class=\"has-text-align-left\">La astronom\u00eda siempre estuvo presente en nuestras vidas a nivel amateur y en la actualidad es nuestra principal actividad cuando nuestras m\u00faltiples ocupaciones diarias nos lo permiten, tenemos como proyecto instalar un observatorio fijo en nuestro propio hogar para uso personal y colaborativo con proyectos <a href=\"https:\/\/proam.sea-astronomia.es\/\">PRO-AM<\/a> y otras organizaciones m\u00e1s o menos formales, redactaremos tutoriales que quedar\u00e1n aqu\u00ed publicados y art\u00edculos con informaci\u00f3n relacionada.<\/p>\n\n\n\n<p>La astronom\u00eda es quiz\u00e1 la ciencia m\u00e1s antigua, adem\u00e1s es muy inclusiva en el sentido que cualquier persona motivada puede realizar aportaciones de valor, en este sentido, nosotros, como astr\u00f3nomos aficionados, nos aferramos a este \u00abcredo\u00bb con ilusi\u00f3n y expectativas futuras.<\/p>\n\n\n\n<p class=\"has-text-align-left\">Estamos presentes en algunas redes sociales de moda, sin embargo, aunque son fenomenales para alcanzar a muchas personas, no alcanzan a satisfacer por completo lo que esperamos que sea nuestra mejor presentaci\u00f3n en cuanto al mundo digital se refiere y por este motivo naci\u00f3 este espacio web que esperamos que sea agradable para cualquiera que lo visite.<\/p>\n\n\n\n<p>Saludos y deseo de buenos cielos!!!<\/p>\n\n\n\n<div class=\"wp-block-buttons is-layout-flex wp-block-buttons-is-layout-flex\">\n<div class=\"wp-block-button\"><a class=\"wp-block-button__link wp-element-button\" href=\"https:\/\/astronomiadigital.es\/index.php\/contacta-con-nosotros\/\">Formulario de contacto<\/a><\/div>\n\n\n\n<div class=\"wp-block-button\"><a class=\"wp-block-button__link wp-element-button\" href=\"https:\/\/astronomiadigital.es\/index.php\">P\u00e1gina de inicio<\/a><\/div>\n\n\n<\/div>\n\n\n\n<div class=\"wp-block-group\"><div class=\"wp-block-group__inner-container is-layout-constrained wp-block-group-is-layout-constrained\">\n<hr class=\"wp-block-separator aligncenter has-alpha-channel-opacity is-style-dots\"\/>\n<\/div><\/div>\n\n\n\n<div class=\"wp-block-columns is-layout-flex wp-container-core-columns-is-layout-9d6595d7 wp-block-columns-is-layout-flex\">\n<div class=\"wp-block-column is-layout-flow wp-block-column-is-layout-flow\"><div class=\"wp-block-image\">\n<figure class=\"aligncenter size-full is-resized\"><img loading=\"lazy\" decoding=\"async\" width=\"91\" height=\"140\" src=\"https:\/\/astronomiadigital.es\/wp-content\/uploads\/2022\/12\/yo.jpg\" alt=\"\" class=\"wp-image-57\" style=\"width:99px;height:153px\"\/><\/figure>\n<\/div>\n\n\n<p><\/p>\n\n\n\n<p class=\"has-text-align-center\"><strong><em>JJ Godoy &#8211; Autor y creador de Astronom\u00eda Digital<\/em><\/strong><\/p>\n\n\n\n<p>Naci\u00f3 en M\u00e1laga (Espa\u00f1a), Subteniente de la Armada en activo, con especialidad en electricidad y aptitud de Programador de Sistemas, con estudios militares equivalentes a T\u00e9cnico Superior en el \u00e1mbito civil, ha realizado diversos cursos t\u00e9cnicos de Seguridad Inform\u00e1tica organizados por el CCN (\u00d3rgano adscrito al CNI), piloto de drones en categor\u00eda abierta A1\/A3, miembro de la Agrupaci\u00f3n Astron\u00f3mica Madrid Sur (<a href=\"https:\/\/aamadridsur.org\/\">AAMS<\/a>) desde el 20 de enero de 2020, de la cual fue parte de la Junta Directiva como vocal 4 a\u00f1os hasta el 8 de noviembre de 2025, posee <a href=\"https:\/\/astronomiadigital.es\/wp-content\/uploads\/2024\/06\/Diploma_Juan_DA_FAAE_139-2023.pdf\" target=\"_blank\" rel=\"noreferrer noopener\">Certificado<\/a> de \u00ab<a href=\"https:\/\/astronomiadigital.es\/wp-content\/uploads\/2024\/06\/tarjeta-divulgador_JJ-Godoy-full.jpg\" target=\"_blank\" rel=\"noreferrer noopener\">Divulgador Astron\u00f3mico<\/a>\u00bb 139\/2023 que promovi\u00f3 la <a href=\"https:\/\/federacionastronomica.es\/index.php\/la-federacion\/divulgadores-faae\" target=\"_blank\" rel=\"noreferrer noopener\">FAAE<\/a> en 2023, ha participado en la campa\u00f1a para b\u00fasqueda de asteroides entre octubre y noviembre del a\u00f1o 2023 con el <a href=\"http:\/\/iasc.cosmosearch.org\/\" target=\"_blank\" rel=\"noreferrer noopener\">IASC<\/a> y es \u00ab<a href=\"https:\/\/astronomiadigital.es\/wp-content\/uploads\/2024\/06\/tarjetaStarlight.jpg\" target=\"_blank\" rel=\"noreferrer noopener\">Monitor Astron\u00f3mico Starligh<\/a>t\u00bb desde junio de 2024.<\/p>\n<\/div>\n\n\n\n<div class=\"wp-block-column is-layout-flow wp-block-column-is-layout-flow\"><div class=\"wp-block-image\">\n<figure class=\"aligncenter size-full is-resized\"><img loading=\"lazy\" decoding=\"async\" width=\"168\" height=\"230\" src=\"https:\/\/astronomiadigital.es\/wp-content\/uploads\/2022\/12\/Jessica_Okk-1.jpg\" alt=\"\" class=\"wp-image-118\" style=\"width:110px;height:151px\"\/><\/figure>\n<\/div>\n\n\n<p><\/p>\n\n\n\n<p class=\"has-text-align-center\"><strong><em>Jessica Baquerizo &#8211; Autora y creadora de Astronom\u00eda Digital<\/em><\/strong><\/p>\n\n\n\n<p>Naci\u00f3 en Lima (Per\u00fa), es T\u00e9cnico Superior en Comercio Internacional y Administraci\u00f3n y Finanzas, miembro de la Agrupaci\u00f3n Astron\u00f3mica Madrid Sur (<a href=\"https:\/\/aamadridsur.org\/\">AAMS<\/a>) desde el 20 de enero de 2020, posee Certificado de \u00abDivulgadora Astron\u00f3mica\u00bb 138\/2023 que promovi\u00f3 la <a href=\"https:\/\/federacionastronomica.es\/index.php\/la-federacion\/divulgadores-faae\">FAAE<\/a> en 2023, ha participado en la campa\u00f1a para b\u00fasqueda de asteroides entre octubre y noviembre del a\u00f1o 2023 con el <a href=\"http:\/\/iasc.cosmosearch.org\/\">IASC<\/a>.<\/p>\n<\/div>\n<\/div>\n\n\n\n<p><\/p>\n","protected":false},"excerpt":{"rendered":"<p>Bienvenido a \u00abAstronom\u00eda Digital\u00bb un espacio web de creaci\u00f3n propia en la que fusionamos nuestro inter\u00e9s por aprender, practicar y experimentar ciencia con ayuda de las tecnolog\u00edas a nuestro alcance. La astronom\u00eda siempre estuvo&#46;&#46;&#46;<\/p>\n","protected":false},"author":1,"featured_media":0,"parent":0,"menu_order":0,"comment_status":"closed","ping_status":"open","template":"","meta":{"footnotes":""},"class_list":["post-2","page","type-page","status-publish","hentry"],"_links":{"self":[{"href":"https:\/\/astronomiadigital.es\/index.php\/wp-json\/wp\/v2\/pages\/2","targetHints":{"allow":["GET"]}}],"collection":[{"href":"https:\/\/astronomiadigital.es\/index.php\/wp-json\/wp\/v2\/pages"}],"about":[{"href":"https:\/\/astronomiadigital.es\/index.php\/wp-json\/wp\/v2\/types\/page"}],"author":[{"embeddable":true,"href":"https:\/\/astronomiadigital.es\/index.php\/wp-json\/wp\/v2\/users\/1"}],"replies":[{"embeddable":true,"href":"https:\/\/astronomiadigital.es\/index.php\/wp-json\/wp\/v2\/comments?post=2"}],"version-history":[{"count":90,"href":"https:\/\/astronomiadigital.es\/index.php\/wp-json\/wp\/v2\/pages\/2\/revisions"}],"predecessor-version":[{"id":1456,"href":"https:\/\/astronomiadigital.es\/index.php\/wp-json\/wp\/v2\/pages\/2\/revisions\/1456"}],"wp:attachment":[{"href":"https:\/\/astronomiadigital.es\/index.php\/wp-json\/wp\/v2\/media?parent=2"}],"curies":[{"name":"wp","href":"https:\/\/api.w.org\/{rel}","templated":true}]}}