{"id":129,"date":"2022-12-12T11:08:32","date_gmt":"2022-12-12T11:08:32","guid":{"rendered":"https:\/\/astronomiadigital.es\/?page_id=129"},"modified":"2024-03-11T19:02:38","modified_gmt":"2024-03-11T19:02:38","slug":"banco-de-recursos","status":"publish","type":"page","link":"https:\/\/astronomiadigital.es\/index.php\/banco-de-recursos\/","title":{"rendered":"Banco de recursos"},"content":{"rendered":"\n<p>RECURSOS ASTRON\u00d3MICOS<\/p>\n\n\n\n<p>Estado actual del cielo: Jet stream<\/p>\n\n\n<p><style>iframe{width:100%; height:600px}<\/style><\/p>\n<p><iframe src=\"https:\/\/earth.nullschool.net\/#current\/wind\/surface\/level\/orthographic=-3.15,39.71,3477\"><\/iframe><\/p>\n<p>\u00a0<\/p>\n\n\n<p>Herramienta de suma de im\u00e1genes, ideal para tr\u00e1nsitos de la ISS por el Sol o Luna <a href=\"https:\/\/markus-enzweiler.de\/software\/starstax\/#download\">aqu\u00ed<\/a> y tutorial <a href=\"https:\/\/issfanclub.eu\/2021\/05\/29\/how-to-capture-and-process-international-space-station-lunar-solar-transits-tutorial-video\/\">aqu\u00ed<\/a>.<\/p>\n\n\n\n<p>Vista del Sistema Solar en 3D <a href=\"https:\/\/theskylive.com\/3dsolarsystem\">aqu\u00ed<\/a>.<\/p>\n\n\n\n<p>Localizador de tr\u00e1nsitos de estaciones espaciales delante del Sol o la Luna <a href=\"https:\/\/transit-finder.com\/\">aqu\u00ed<\/a>.<\/p>\n\n\n\n<p>Localizador de pases de sat\u00e9lites y estaciones espaciales <a href=\"https:\/\/www.heavens-above.com\/\">aqu\u00ed<\/a>.<\/p>\n\n\n\n<p>Software de captura planetaria:<\/p>\n\n\n\n<ul class=\"wp-block-list\">\n<li><a href=\"http:\/\/www.firecapture.de\/\">Firecapture<\/a><\/li>\n\n\n\n<li><a href=\"https:\/\/www.sharpcap.co.uk\/\">Sharcap<\/a><\/li>\n\n\n\n<li>Suite ZWO <a href=\"https:\/\/www.zwoastro.com\/downloads\/asistudio\">ASI Studio<\/a>.<\/li>\n\n\n\n<li><a href=\"https:\/\/www.astroberry.io\/\">Astroberry<\/a><\/li>\n\n\n\n<li><a href=\"https:\/\/nighttime-imaging.eu\/download\/\">NINA<\/a><\/li>\n\n\n\n<li>Moon Panorama Maker <a href=\"https:\/\/github.com\/Rolf-Hempel\/MoonPanoramaMaker\/releases\">aqu\u00ed<\/a>, software de captura lunar desatendida para uni\u00f3n de mosaicos.<\/li>\n<\/ul>\n\n\n\n<p>Software de Apilado y procesado de im\u00e1genes astron\u00f3micas:<\/p>\n\n\n\n<ul class=\"wp-block-list\">\n<li><a href=\"https:\/\/sites.google.com\/site\/astropipp\/downloads\">PIPP<\/a><\/li>\n\n\n\n<li><a href=\"http:\/\/astrosurface.com\/\">AstroSurface<\/a><\/li>\n\n\n\n<li><a href=\"https:\/\/www.astronomie.be\/registax\/\">Registax<\/a><\/li>\n\n\n\n<li><a href=\"https:\/\/www.autostakkert.com\/\">Autostakkert<\/a><\/li>\n\n\n\n<li><a href=\"https:\/\/www.fitswork.de\/software\/softw_es.php\">Fitswork<\/a><\/li>\n\n\n\n<li><a href=\"https:\/\/www.pixinsight.com\/download\/index.html\">PixInsight<\/a> (software propietario).<\/li>\n<\/ul>\n\n\n\n<p>Software de procesado auxiliar:<\/p>\n\n\n\n<ul class=\"wp-block-list\">\n<li><a href=\"https:\/\/www.gimp.org\/\">GIMP<\/a> (Software libre alternativo a Photoshop).<\/li>\n\n\n\n<li><a href=\"http:\/\/www-old.astro-gresivaudan.fr\/logiciels\/lusol3d\/\">Lusol 3D<\/a> (Inserci\u00f3n de imagen terrestre a escala junto al Sol y otras funciones).<\/li>\n\n\n\n<li>Microsoft <a href=\"https:\/\/www.youtube.com\/redirect?event=video_description&amp;redir_token=QUFFLUhqbUR2cFJoSXZmQjR2TGJtMmwxTDN5MXAxS1FZZ3xBQ3Jtc0tta0hvd2Vkei16QjBYQjluaVhzSm82eEtlWjlOVHVfRG1FMmV6N0pZVVgyRjllOVVqeE9abnZiWlphLUhUNU5HLUpRcmJjVVdXenpZN2pKNS1PSEJ6LVl4VndPVjRsSHRTdHJHMGZMMFltYm5VWlYtSQ&amp;q=https%3A%2F%2Fweb.archive.org%2Fweb%2F20190223050207%2Fhttps%3A%2F%2Fdownload.microsoft.com%2Fdownload%2F7%2F3%2F9%2F73918E0B-C146-40FA-B18C-EADF03FEC4BA%2FICE-2.0.3-for-64-bit-Windows.msi&amp;v=h1P_-zqTJfM\">ICE<\/a>, es un software de uni\u00f3n de teselas (al hacer clic en el enlace, debes seleccionar \u00abIR AL SITIO WEB\u00bb).<\/li>\n<\/ul>\n\n\n\n<p>Software planetario:<\/p>\n\n\n\n<ul class=\"wp-block-list\">\n<li><a href=\"https:\/\/stellarium.org\/es\/\">Stellarium<\/a><\/li>\n\n\n\n<li><a href=\"https:\/\/apps.kde.org\/es\/kstars\/\">Kstars<\/a><\/li>\n<\/ul>\n\n\n\n<hr class=\"wp-block-separator has-alpha-channel-opacity\"\/>\n\n\n\n<p>LIBROS Y DOCUMENTOS DESCARGABLES DE ASTRONOM\u00cdA Y CIENCIAS<\/p>\n\n\n\n<p>Cuadernos de la web astr\u00f3nomas <a href=\"https:\/\/astronomas.org\/section\/downloads\">aqu\u00ed<\/a>.<\/p>\n\n\n\n<p>RECURSOS INFORM\u00c1TICOS<\/p>\n\n\n\n<p>Java <a href=\"https:\/\/www.java.com\/es\/\">aqu\u00ed<\/a> (M\u00e1quina virtual para ejecutar software escrito en Java).<\/p>\n\n\n\n<p>Im\u00e1genes gratis <a href=\"https:\/\/pixabay.com\/es\/\">aqu\u00ed<\/a>.<\/p>\n\n\n\n<p>Contadores de visitas <a href=\"https:\/\/www.websmultimedia.com\/contador-de-visitas-gratis\">aqu\u00ed<\/a>.<\/p>\n\n\n\n<p>Creador de contenidos did\u00e1cticos <a href=\"https:\/\/edpuzzle.com\/\">aqu\u00ed<\/a>.<\/p>\n\n\n\n<p>Creador de contenidos interactivos did\u00e1cticos <a href=\"https:\/\/genial.ly\/es\/\">aqu\u00ed<\/a>.<\/p>\n\n\n\n<p>Creador de encuestas <a href=\"https:\/\/strawpoll.com\/es\/\">aqu\u00ed<\/a>.<\/p>\n\n\n\n<p>Creador de contenido didactico 2 <a href=\"https:\/\/quizizz.com\/?lng=en\">aqu\u00ed<\/a>.<\/p>\n\n\n\n<p>M\u00e1s recursos para la ense\u00f1anza <a href=\"https:\/\/wordwall.net\/es\">aqu\u00ed<\/a>.<\/p>\n\n\n\n<p>Creaci\u00f3n de infograf\u00edas (necesario registro) <a href=\"https:\/\/www.canva.com\/es_es\/\">aqu\u00ed<\/a>.<\/p>\n\n\n\n<p>Recursos de im\u00e1genes e iconos <a href=\"https:\/\/iconos8.es\/\">aqu\u00ed<\/a>.<\/p>\n\n\n\n<p>Recursos de im\u00e1genes e iconos vectoriales <a href=\"https:\/\/vectorportal.com\/\">aqu\u00ed<\/a>.<\/p>\n\n\n\n<p>Generador de c\u00f3digos QR <a href=\"https:\/\/www.qrcode-monkey.com\/\">aqu\u00ed<\/a>.<\/p>\n\n\n\n<p>Aplicaci\u00f3n web para eliminar elementos <a href=\"https:\/\/cleanup.pictures\/\">aqu\u00ed<\/a>.<\/p>\n\n\n\n<p>Aplicaci\u00f3n web para eliminar o sustituir fondo <a href=\"https:\/\/www.stickermule.com\/es\/trace\">aqu\u00ed<\/a> (necesita registro).<\/p>\n\n\n\n<p>Aplicaci\u00f3n web que redimensiona las im\u00e1genes sin p\u00e9rdida de calidad <a href=\"https:\/\/waifu2x.udp.jp\/\">aqu\u00ed<\/a>.<\/p>\n\n\n\n<p>Aplicaci\u00f3n web de IA que genera rostros humanos <a href=\"https:\/\/generated.photos\/\">aqu\u00ed<\/a> (necesita registro).<\/p>\n\n\n\n<p>Aplicaci\u00f3n web para crear GIF animados <a href=\"https:\/\/imgflip.com\/gif-maker\">aqu\u00ed<\/a>.<\/p>\n\n\n\n<p>Aplicaci\u00f3n para creaci\u00f3n de im\u00e1genes vectoriales (alternativa de Inkscape) <a href=\"https:\/\/www.wobastic.com\/omber\/tryit\/Omber.html\">aqu\u00ed<\/a>.<\/p>\n\n\n\n<p>Tipograf\u00edas de Google <a href=\"https:\/\/fonts.google.com\/\">aqu\u00ed<\/a>.<\/p>\n\n\n\n<p>Tipograf\u00edas en otra web <a href=\"https:\/\/www.dafont.com\/es\/\">aqu\u00ed<\/a>.<\/p>\n\n\n\n<p>Otras tipograf\u00edas <a href=\"https:\/\/www.1001freefonts.com\/\">aqu\u00ed<\/a>.<\/p>\n\n\n\n<p>Bancos de fotograf\u00edas gratuitas: <\/p>\n\n\n\n<ul class=\"wp-block-list\">\n<li>Freepik <a href=\"https:\/\/www.freepik.es\/\">aqu\u00ed<\/a>.<\/li>\n\n\n\n<li>Pixabay <a href=\"https:\/\/pixabay.com\/es\/\">aqu\u00ed<\/a>.<\/li>\n\n\n\n<li>Unsplash <a href=\"https:\/\/unsplash.com\/es\">aqu\u00ed<\/a>.<\/li>\n\n\n\n<li>Pixels <a href=\"https:\/\/www.pexels.com\/es-es\/\">aqu\u00ed<\/a>.<\/li>\n<\/ul>\n\n\n\n<p>Recursos Infograf\u00edas &#8211; Bancos de im\u00e1genes vectoriales:<\/p>\n\n\n\n<ul class=\"wp-block-list\">\n<li>Feepik <a href=\"https:\/\/www.freepik.es\/\">aqu\u00ed<\/a>.<\/li>\n\n\n\n<li>Vecteezy <a href=\"https:\/\/es.vecteezy.com\/\">aqu\u00ed<\/a>.<\/li>\n\n\n\n<li>Vectors 4 free <a href=\"https:\/\/www.vector4free.com\/\">aqu\u00ed<\/a>.<\/li>\n<\/ul>\n\n\n\n<p>Bancos de iconos:<\/p>\n\n\n\n<ul class=\"wp-block-list\">\n<li>Flaticon <a href=\"https:\/\/www.flaticon.es\/\">aqu\u00ed<\/a>.<\/li>\n\n\n\n<li>The noun project <a href=\"https:\/\/thenounproject.com\/\">aqu\u00ed<\/a>.<\/li>\n\n\n\n<li>Icon archive <a href=\"https:\/\/iconarchive.com\/\">aqu\u00ed<\/a>.<\/li>\n\n\n\n<li>Find icons <a href=\"https:\/\/findicons.com\/\">aqu\u00ed<\/a>.<\/li>\n<\/ul>\n\n\n\n<p>Presentaciones din\u00e1micas en linea <a href=\"https:\/\/sway.office.com\/my\">aqu\u00ed<\/a>.<\/p>\n","protected":false},"excerpt":{"rendered":"<p>RECURSOS ASTRON\u00d3MICOS Estado actual del cielo: Jet stream \u00a0 Herramienta de suma de im\u00e1genes, ideal para tr\u00e1nsitos de la ISS por el Sol o Luna aqu\u00ed y tutorial aqu\u00ed. Vista del Sistema Solar en&#46;&#46;&#46;<\/p>\n","protected":false},"author":1,"featured_media":0,"parent":0,"menu_order":0,"comment_status":"closed","ping_status":"closed","template":"","meta":{"footnotes":""},"class_list":["post-129","page","type-page","status-publish","hentry"],"_links":{"self":[{"href":"https:\/\/astronomiadigital.es\/index.php\/wp-json\/wp\/v2\/pages\/129","targetHints":{"allow":["GET"]}}],"collection":[{"href":"https:\/\/astronomiadigital.es\/index.php\/wp-json\/wp\/v2\/pages"}],"about":[{"href":"https:\/\/astronomiadigital.es\/index.php\/wp-json\/wp\/v2\/types\/page"}],"author":[{"embeddable":true,"href":"https:\/\/astronomiadigital.es\/index.php\/wp-json\/wp\/v2\/users\/1"}],"replies":[{"embeddable":true,"href":"https:\/\/astronomiadigital.es\/index.php\/wp-json\/wp\/v2\/comments?post=129"}],"version-history":[{"count":41,"href":"https:\/\/astronomiadigital.es\/index.php\/wp-json\/wp\/v2\/pages\/129\/revisions"}],"predecessor-version":[{"id":930,"href":"https:\/\/astronomiadigital.es\/index.php\/wp-json\/wp\/v2\/pages\/129\/revisions\/930"}],"wp:attachment":[{"href":"https:\/\/astronomiadigital.es\/index.php\/wp-json\/wp\/v2\/media?parent=129"}],"curies":[{"name":"wp","href":"https:\/\/api.w.org\/{rel}","templated":true}]}}